{"id":22,"date":"2020-04-20T20:04:18","date_gmt":"2020-04-20T18:04:18","guid":{"rendered":"http:\/\/marineorlova.com\/base\/?page_id=22"},"modified":"2020-09-12T17:27:06","modified_gmt":"2020-09-12T15:27:06","slug":"a-propos-2","status":"publish","type":"page","link":"https:\/\/marineorlova.com\/index.php\/a-propos-2\/","title":{"rendered":"\u00c0 propos"},"content":{"rendered":"\t\t<div data-elementor-type=\"wp-page\" data-elementor-id=\"22\" class=\"elementor elementor-22\" data-elementor-settings=\"[]\">\n\t\t\t\t\t\t<div class=\"elementor-inner\">\n\t\t\t\t\t\t\t<div class=\"elementor-section-wrap\">\n\t\t\t\t\t\t\t<section class=\"elementor-section elementor-top-section elementor-element elementor-element-a8b5f7c elementor-section-boxed elementor-section-height-default elementor-section-height-default\" data-id=\"a8b5f7c\" data-element_type=\"section\">\n\t\t\t\t\t\t<div class=\"elementor-container elementor-column-gap-default\">\n\t\t\t\t\t\t\t<div class=\"elementor-row\">\n\t\t\t\t\t<div class=\"elementor-column elementor-col-100 elementor-top-column elementor-element elementor-element-e8bf5eb\" data-id=\"e8bf5eb\" data-element_type=\"column\">\n\t\t\t<div class=\"elementor-column-wrap elementor-element-populated\">\n\t\t\t\t\t\t\t<div class=\"elementor-widget-wrap\">\n\t\t\t\t\t\t<div class=\"elementor-element elementor-element-5c3bdd7 elementor-widget elementor-widget-text-editor\" data-id=\"5c3bdd7\" data-element_type=\"widget\" data-widget_type=\"text-editor.default\">\n\t\t\t\t<div class=\"elementor-widget-container\">\n\t\t\t\t\t<div class=\"elementor-text-editor elementor-clearfix\"><p>Marine Orlova vit \u00e0 Paris. Connue comme effeuilleuse burlesque sous le nom de \u00ab\u00a0Sucre d&rsquo;Orge\u00a0\u00bb, elle danse sur les sc\u00e8nes fran\u00e7aises et internationales depuis 2009. Apr\u00e8s avoir pos\u00e9 plusieurs ann\u00e9es pour des photographes, elle d\u00e9cide en 2015 de passer de l&rsquo;autre c\u00f4t\u00e9 de l&rsquo;objectif.<\/p><p>Elle r\u00e9cup\u00e8re alors l&rsquo;appareil argentique de sa grand-m\u00e8re, un Leica R3, le charge en pellicule noir et blanc, et l&#8217;emporte dans les cabarets o\u00f9 elle se produit. Elle saisit ses camarades avant qu&rsquo;ils rentrent en sc\u00e8ne, souvent au vol entre deux num\u00e9ros, dans la pr\u00e9cipitation des changements de costumes. Elle aime photographier leur reflet dans les miroirs des loges et s&rsquo;invite parfois dans le cadre.<\/p><p>Elle oriente ensuite son objectif sur les gar\u00e7ons qui l&rsquo;entourent, d\u00e9cidant avec humour de devenir une GWC &#8211; <em>Girl With a Camera<\/em>, en r\u00e9ponse aux <em>Guys With a Camera<\/em> (hommes se pr\u00e9tendant photographes pour passer du temps avec des mod\u00e8les, souvent f\u00e9minins et presque toujours nus), et aussi parce qu&rsquo;aimant les gar\u00e7ons, elle regrette qu&rsquo;ils soient si peu photographi\u00e9s. Elle prend alors go\u00fbt \u00e0 la couleur.<em><br \/><\/em><\/p><p>Les textes qui accompagnent les s\u00e9ries sont largement fictionnels.<\/p><\/div>\n\t\t\t\t<\/div>\n\t\t\t\t<\/div>\n\t\t\t\t\t\t<\/div>\n\t\t\t\t\t<\/div>\n\t\t<\/div>\n\t\t\t\t\t\t\t\t<\/div>\n\t\t\t\t\t<\/div>\n\t\t<\/section>\n\t\t\t\t<section class=\"elementor-section elementor-top-section elementor-element elementor-element-a5da32e elementor-section-boxed elementor-section-height-default elementor-section-height-default\" data-id=\"a5da32e\" data-element_type=\"section\">\n\t\t\t\t\t\t<div class=\"elementor-container elementor-column-gap-default\">\n\t\t\t\t\t\t\t<div class=\"elementor-row\">\n\t\t\t\t\t<div class=\"elementor-column elementor-col-100 elementor-top-column elementor-element elementor-element-ff2ce21\" data-id=\"ff2ce21\" data-element_type=\"column\">\n\t\t\t<div class=\"elementor-column-wrap\">\n\t\t\t\t\t\t\t<div class=\"elementor-widget-wrap\">\n\t\t\t\t\t\t\t\t<\/div>\n\t\t\t\t\t<\/div>\n\t\t<\/div>\n\t\t\t\t\t\t\t\t<\/div>\n\t\t\t\t\t<\/div>\n\t\t<\/section>\n\t\t\t\t<section class=\"elementor-section elementor-top-section elementor-element elementor-element-e3b9151 elementor-section-boxed elementor-section-height-default elementor-section-height-default\" data-id=\"e3b9151\" data-element_type=\"section\">\n\t\t\t\t\t\t<div class=\"elementor-container elementor-column-gap-default\">\n\t\t\t\t\t\t\t<div class=\"elementor-row\">\n\t\t\t\t\t<div class=\"elementor-column elementor-col-100 elementor-top-column elementor-element elementor-element-ddc9122\" data-id=\"ddc9122\" data-element_type=\"column\">\n\t\t\t<div class=\"elementor-column-wrap elementor-element-populated\">\n\t\t\t\t\t\t\t<div class=\"elementor-widget-wrap\">\n\t\t\t\t\t\t<div class=\"elementor-element elementor-element-8319b75 elementor-widget elementor-widget-image\" data-id=\"8319b75\" data-element_type=\"widget\" data-widget_type=\"image.default\">\n\t\t\t\t<div class=\"elementor-widget-container\">\n\t\t\t\t\t<div class=\"elementor-image\">\n\t\t\t\t\t\t\t\t\t\t<img width=\"1018\" height=\"1536\" src=\"https:\/\/marineorlova.com\/wp-content\/uploads\/2020\/04\/autoportrait-1018x1536.jpg\" class=\"attachment-1536x1536 size-1536x1536\" alt=\"\" loading=\"lazy\" srcset=\"https:\/\/marineorlova.com\/wp-content\/uploads\/2020\/04\/autoportrait-1018x1536.jpg 1018w, https:\/\/marineorlova.com\/wp-content\/uploads\/2020\/04\/autoportrait-199x300.jpg 199w, https:\/\/marineorlova.com\/wp-content\/uploads\/2020\/04\/autoportrait-679x1024.jpg 679w, https:\/\/marineorlova.com\/wp-content\/uploads\/2020\/04\/autoportrait-768x1158.jpg 768w, https:\/\/marineorlova.com\/wp-content\/uploads\/2020\/04\/autoportrait-1358x2048.jpg 1358w, https:\/\/marineorlova.com\/wp-content\/uploads\/2020\/04\/autoportrait-scaled.jpg 1697w\" sizes=\"(max-width: 1018px) 100vw, 1018px\" \/>\t\t\t\t\t\t\t\t\t\t\t<\/div>\n\t\t\t\t<\/div>\n\t\t\t\t<\/div>\n\t\t\t\t\t\t<\/div>\n\t\t\t\t\t<\/div>\n\t\t<\/div>\n\t\t\t\t\t\t\t\t<\/div>\n\t\t\t\t\t<\/div>\n\t\t<\/section>\n\t\t\t\t<section class=\"elementor-section elementor-top-section elementor-element elementor-element-c70ded9 elementor-section-boxed elementor-section-height-default elementor-section-height-default\" data-id=\"c70ded9\" data-element_type=\"section\">\n\t\t\t\t\t\t<div class=\"elementor-container elementor-column-gap-default\">\n\t\t\t\t\t\t\t<div class=\"elementor-row\">\n\t\t\t\t\t<div class=\"elementor-column elementor-col-100 elementor-top-column elementor-element elementor-element-1f18860\" data-id=\"1f18860\" data-element_type=\"column\">\n\t\t\t<div class=\"elementor-column-wrap\">\n\t\t\t\t\t\t\t<div class=\"elementor-widget-wrap\">\n\t\t\t\t\t\t\t\t<\/div>\n\t\t\t\t\t<\/div>\n\t\t<\/div>\n\t\t\t\t\t\t\t\t<\/div>\n\t\t\t\t\t<\/div>\n\t\t<\/section>\n\t\t\t\t<section class=\"elementor-section elementor-top-section elementor-element elementor-element-89b16fa elementor-section-boxed elementor-section-height-default elementor-section-height-default\" data-id=\"89b16fa\" data-element_type=\"section\">\n\t\t\t\t\t\t<div class=\"elementor-container elementor-column-gap-default\">\n\t\t\t\t\t\t\t<div class=\"elementor-row\">\n\t\t\t\t\t<div class=\"elementor-column elementor-col-100 elementor-top-column elementor-element elementor-element-6dcc9cd\" data-id=\"6dcc9cd\" data-element_type=\"column\">\n\t\t\t<div class=\"elementor-column-wrap elementor-element-populated\">\n\t\t\t\t\t\t\t<div class=\"elementor-widget-wrap\">\n\t\t\t\t\t\t<div class=\"elementor-element elementor-element-f001a2f elementor-shape-rounded elementor-grid-0 elementor-widget elementor-widget-social-icons\" data-id=\"f001a2f\" data-element_type=\"widget\" data-widget_type=\"social-icons.default\">\n\t\t\t\t<div class=\"elementor-widget-container\">\n\t\t\t\t\t<div class=\"elementor-social-icons-wrapper elementor-grid\">\n\t\t\t\t\t\t\t<div class=\"elementor-grid-item\">\n\t\t\t\t\t<a class=\"elementor-icon elementor-social-icon elementor-social-icon-instagram elementor-repeater-item-faade5c\" href=\"https:\/\/www.instagram.com\/marine.orlova\/?hl=fr\" target=\"_blank\">\n\t\t\t\t\t\t<span class=\"elementor-screen-only\">Instagram<\/span>\n\t\t\t\t\t\t<i class=\"fab fa-instagram\"><\/i>\t\t\t\t\t<\/a>\n\t\t\t\t<\/div>\n\t\t\t\t\t<\/div>\n\t\t\t\t<\/div>\n\t\t\t\t<\/div>\n\t\t\t\t\t\t<\/div>\n\t\t\t\t\t<\/div>\n\t\t<\/div>\n\t\t\t\t\t\t\t\t<\/div>\n\t\t\t\t\t<\/div>\n\t\t<\/section>\n\t\t\t\t\t\t<\/div>\n\t\t\t\t\t\t<\/div>\n\t\t\t\t\t<\/div>\n\t\t<div class=\"clearfix\"><\/div>","protected":false},"excerpt":{"rendered":"<p>Marine Orlova vit \u00e0 Paris. Connue comme effeuilleuse burlesque sous le nom de \u00ab\u00a0Sucre d&rsquo;Orge\u00a0\u00bb, elle danse sur les sc\u00e8nes fran\u00e7aises et internationales depuis 2009. Apr\u00e8s avoir pos\u00e9 plusieurs ann\u00e9es pour des photographes, elle d\u00e9cide en 2015 de passer de l&rsquo;autre c\u00f4t\u00e9 de l&rsquo;objectif. Elle r\u00e9cup\u00e8re alors l&rsquo;appareil argentique de sa grand-m\u00e8re, un Leica R3, [&hellip;]<\/p>\n","protected":false},"author":1,"featured_media":0,"parent":0,"menu_order":0,"comment_status":"closed","ping_status":"closed","template":"","meta":{"spay_email":""},"_links":{"self":[{"href":"https:\/\/marineorlova.com\/index.php\/wp-json\/wp\/v2\/pages\/22"}],"collection":[{"href":"https:\/\/marineorlova.com\/index.php\/wp-json\/wp\/v2\/pages"}],"about":[{"href":"https:\/\/marineorlova.com\/index.php\/wp-json\/wp\/v2\/types\/page"}],"author":[{"embeddable":true,"href":"https:\/\/marineorlova.com\/index.php\/wp-json\/wp\/v2\/users\/1"}],"replies":[{"embeddable":true,"href":"https:\/\/marineorlova.com\/index.php\/wp-json\/wp\/v2\/comments?post=22"}],"version-history":[{"count":15,"href":"https:\/\/marineorlova.com\/index.php\/wp-json\/wp\/v2\/pages\/22\/revisions"}],"predecessor-version":[{"id":879,"href":"https:\/\/marineorlova.com\/index.php\/wp-json\/wp\/v2\/pages\/22\/revisions\/879"}],"wp:attachment":[{"href":"https:\/\/marineorlova.com\/index.php\/wp-json\/wp\/v2\/media?parent=22"}],"curies":[{"name":"wp","href":"https:\/\/api.w.org\/{rel}","templated":true}]}}