{"id":643,"date":"2020-04-25T22:17:09","date_gmt":"2020-04-25T20:17:09","guid":{"rendered":"http:\/\/marineorlova.com\/?page_id=643"},"modified":"2020-04-27T19:18:14","modified_gmt":"2020-04-27T17:18:14","slug":"mentions-legales","status":"publish","type":"page","link":"https:\/\/marineorlova.com\/index.php\/mentions-legales\/","title":{"rendered":"Mentions l\u00e9gales"},"content":{"rendered":"\t\t<div data-elementor-type=\"wp-page\" data-elementor-id=\"643\" class=\"elementor elementor-643\" data-elementor-settings=\"[]\">\n\t\t\t\t\t\t<div class=\"elementor-inner\">\n\t\t\t\t\t\t\t<div class=\"elementor-section-wrap\">\n\t\t\t\t\t\t\t<section class=\"elementor-section elementor-top-section elementor-element elementor-element-880592d elementor-section-boxed elementor-section-height-default elementor-section-height-default\" data-id=\"880592d\" data-element_type=\"section\">\n\t\t\t\t\t\t<div class=\"elementor-container elementor-column-gap-default\">\n\t\t\t\t\t\t\t<div class=\"elementor-row\">\n\t\t\t\t\t<div class=\"elementor-column elementor-col-100 elementor-top-column elementor-element elementor-element-103ba65\" data-id=\"103ba65\" data-element_type=\"column\">\n\t\t\t<div class=\"elementor-column-wrap elementor-element-populated\">\n\t\t\t\t\t\t\t<div class=\"elementor-widget-wrap\">\n\t\t\t\t\t\t<div class=\"elementor-element elementor-element-35f9993 elementor-widget elementor-widget-text-editor\" data-id=\"35f9993\" data-element_type=\"widget\" data-widget_type=\"text-editor.default\">\n\t\t\t\t<div class=\"elementor-widget-container\">\n\t\t\t\t\t<div class=\"elementor-text-editor elementor-clearfix\"><h2>Copyright et droit d&rsquo;auteur<\/h2><p>Toute les photographies pr\u00e9sent\u00e9es sur ce site ont \u00e9t\u00e9 prises par Marine Orlova.<\/p><p>Les textes de ce site sont r\u00e9dig\u00e9s par Marine Orlova.<\/p><p>Si vous souhaitez faire un usage, non commercial seulement, de l&rsquo;un de ces contenus, merci de me demander mon accord au pr\u00e9alable et de faire figurer le cr\u00e9dit pour chaque photo, ou texte : Marine Orlova.<\/p><p>Ce site web est h\u00e9berg\u00e9 par OVH, 2 rue Kellermann, 59100 Roubaix (France).<\/p><\/div>\n\t\t\t\t<\/div>\n\t\t\t\t<\/div>\n\t\t\t\t\t\t<\/div>\n\t\t\t\t\t<\/div>\n\t\t<\/div>\n\t\t\t\t\t\t\t\t<\/div>\n\t\t\t\t\t<\/div>\n\t\t<\/section>\n\t\t\t\t\t\t<\/div>\n\t\t\t\t\t\t<\/div>\n\t\t\t\t\t<\/div>\n\t\t<div class=\"clearfix\"><\/div>","protected":false},"excerpt":{"rendered":"<p>Copyright et droit d&rsquo;auteur Toute les photographies pr\u00e9sent\u00e9es sur ce site ont \u00e9t\u00e9 prises par Marine Orlova. Les textes de ce site sont r\u00e9dig\u00e9s par Marine Orlova. Si vous souhaitez faire un usage, non commercial seulement, de l&rsquo;un de ces contenus, merci de me demander mon accord au pr\u00e9alable et de faire figurer le cr\u00e9dit [&hellip;]<\/p>\n","protected":false},"author":1,"featured_media":0,"parent":0,"menu_order":0,"comment_status":"closed","ping_status":"closed","template":"","meta":{"spay_email":""},"_links":{"self":[{"href":"https:\/\/marineorlova.com\/index.php\/wp-json\/wp\/v2\/pages\/643"}],"collection":[{"href":"https:\/\/marineorlova.com\/index.php\/wp-json\/wp\/v2\/pages"}],"about":[{"href":"https:\/\/marineorlova.com\/index.php\/wp-json\/wp\/v2\/types\/page"}],"author":[{"embeddable":true,"href":"https:\/\/marineorlova.com\/index.php\/wp-json\/wp\/v2\/users\/1"}],"replies":[{"embeddable":true,"href":"https:\/\/marineorlova.com\/index.php\/wp-json\/wp\/v2\/comments?post=643"}],"version-history":[{"count":4,"href":"https:\/\/marineorlova.com\/index.php\/wp-json\/wp\/v2\/pages\/643\/revisions"}],"predecessor-version":[{"id":678,"href":"https:\/\/marineorlova.com\/index.php\/wp-json\/wp\/v2\/pages\/643\/revisions\/678"}],"wp:attachment":[{"href":"https:\/\/marineorlova.com\/index.php\/wp-json\/wp\/v2\/media?parent=643"}],"curies":[{"name":"wp","href":"https:\/\/api.w.org\/{rel}","templated":true}]}}