{"id":874,"date":"2020-09-11T10:36:41","date_gmt":"2020-09-11T08:36:41","guid":{"rendered":"http:\/\/marineorlova.com\/?page_id=874"},"modified":"2021-01-23T12:09:08","modified_gmt":"2021-01-23T11:09:08","slug":"actualite","status":"publish","type":"page","link":"https:\/\/marineorlova.com\/index.php\/actualite\/","title":{"rendered":"Shop"},"content":{"rendered":"\n<h2>Tirages argentiques<br><\/h2>\n\n\n\n<p>Les tirages argentiques des photographies pr\u00e9sentes sur ce site sont disponibles sur demande. Ils sont r\u00e9alis\u00e9s par Fred Goyeau pour le noir et blanc (sur papier baryt\u00e9 ton chaud Bergger) et par Diamantino pour la couleur.<\/p>\n\n\n\n<p>Formats 18\/24, 20\/25, 24\/30, autres formats sur demande.<\/p>\n\n\n\n<p>Tirages sign\u00e9s et num\u00e9rot\u00e9s.<\/p>\n\n\n\n<h2>S\u00e9ances photos<\/h2>\n\n\n\n<p>Pour toute demande de shooting, merci d&rsquo;\u00e9crire \u00e0 cette adresse : marineorlova.photo@gmail.com<\/p>\n\n\n\n<p>S\u00e9ances photos sur pellicule uniquement, en noir et blanc et\/ou en couleur.<\/p>\n<div class=\"clearfix\"><\/div>","protected":false},"excerpt":{"rendered":"<p>Tirages argentiques Les tirages argentiques des photographies pr\u00e9sentes sur ce site sont disponibles sur demande. Ils sont r\u00e9alis\u00e9s par Fred Goyeau pour le noir et blanc (sur papier baryt\u00e9 ton chaud Bergger) et par Diamantino pour la couleur. Formats 18\/24, 20\/25, 24\/30, autres formats sur demande. Tirages sign\u00e9s et num\u00e9rot\u00e9s. S\u00e9ances photos Pour toute demande [&hellip;]<\/p>\n","protected":false},"author":1,"featured_media":0,"parent":0,"menu_order":0,"comment_status":"closed","ping_status":"closed","template":"","meta":{"spay_email":""},"_links":{"self":[{"href":"https:\/\/marineorlova.com\/index.php\/wp-json\/wp\/v2\/pages\/874"}],"collection":[{"href":"https:\/\/marineorlova.com\/index.php\/wp-json\/wp\/v2\/pages"}],"about":[{"href":"https:\/\/marineorlova.com\/index.php\/wp-json\/wp\/v2\/types\/page"}],"author":[{"embeddable":true,"href":"https:\/\/marineorlova.com\/index.php\/wp-json\/wp\/v2\/users\/1"}],"replies":[{"embeddable":true,"href":"https:\/\/marineorlova.com\/index.php\/wp-json\/wp\/v2\/comments?post=874"}],"version-history":[{"count":7,"href":"https:\/\/marineorlova.com\/index.php\/wp-json\/wp\/v2\/pages\/874\/revisions"}],"predecessor-version":[{"id":891,"href":"https:\/\/marineorlova.com\/index.php\/wp-json\/wp\/v2\/pages\/874\/revisions\/891"}],"wp:attachment":[{"href":"https:\/\/marineorlova.com\/index.php\/wp-json\/wp\/v2\/media?parent=874"}],"curies":[{"name":"wp","href":"https:\/\/api.w.org\/{rel}","templated":true}]}}